{"id":284,"date":"2024-01-15T13:28:35","date_gmt":"2024-01-15T16:28:35","guid":{"rendered":"https:\/\/softwareplay.site\/agringatatoo\/?page_id=284"},"modified":"2024-01-24T20:55:18","modified_gmt":"2024-01-24T23:55:18","slug":"procedimentos","status":"publish","type":"page","link":"https:\/\/agringatattoo.com.br\/index.php\/procedimentos\/","title":{"rendered":"Procedimentos"},"content":{"rendered":"\t\t<div data-elementor-type=\"wp-page\" data-elementor-id=\"284\" class=\"elementor elementor-284\" data-elementor-post-type=\"page\">\n\t\t\t\t\t\t\t\t\t<section class=\"elementor-section elementor-top-section elementor-element elementor-element-45189f0c elementor-section-boxed elementor-section-height-default elementor-section-height-default\" data-id=\"45189f0c\" data-element_type=\"section\" data-settings=\"{&quot;background_background&quot;:&quot;classic&quot;}\">\n\t\t\t\t\t\t\t<div class=\"elementor-background-overlay\"><\/div>\n\t\t\t\t\t\t\t<div class=\"elementor-container elementor-column-gap-default\">\n\t\t\t\t\t<div class=\"elementor-column elementor-col-100 elementor-top-column elementor-element elementor-element-4b30fd8e elementor-invisible\" data-id=\"4b30fd8e\" data-element_type=\"column\" data-settings=\"{&quot;animation&quot;:&quot;fadeIn&quot;,&quot;animation_delay&quot;:300}\">\n\t\t\t<div class=\"elementor-widget-wrap elementor-element-populated\">\n\t\t\t\t\t\t\t\t<div class=\"elementor-element elementor-element-7e623687 elementor-widget elementor-widget-heading\" data-id=\"7e623687\" data-element_type=\"widget\" data-widget_type=\"heading.default\">\n\t\t\t\t<div class=\"elementor-widget-container\">\n\t\t\t<style>\/*! elementor - v3.18.0 - 20-12-2023 *\/\n.elementor-heading-title{padding:0;margin:0;line-height:1}.elementor-widget-heading .elementor-heading-title[class*=elementor-size-]>a{color:inherit;font-size:inherit;line-height:inherit}.elementor-widget-heading .elementor-heading-title.elementor-size-small{font-size:15px}.elementor-widget-heading .elementor-heading-title.elementor-size-medium{font-size:19px}.elementor-widget-heading .elementor-heading-title.elementor-size-large{font-size:29px}.elementor-widget-heading .elementor-heading-title.elementor-size-xl{font-size:39px}.elementor-widget-heading .elementor-heading-title.elementor-size-xxl{font-size:59px}<\/style><h2 class=\"elementor-heading-title elementor-size-default\">Procedimentos<\/h2>\t\t<\/div>\n\t\t\t\t<\/div>\n\t\t\t\t<div class=\"elementor-element elementor-element-6d5025b3 elementor-icon-list--layout-inline elementor-align-center elementor-widget__width-auto elementor-list-item-link-full_width elementor-invisible elementor-widget elementor-widget-icon-list\" data-id=\"6d5025b3\" data-element_type=\"widget\" data-settings=\"{&quot;_animation&quot;:&quot;fadeIn&quot;,&quot;_animation_delay&quot;:&quot;200&quot;}\" data-widget_type=\"icon-list.default\">\n\t\t\t\t<div class=\"elementor-widget-container\">\n\t\t\t<link rel=\"stylesheet\" href=\"https:\/\/agringatattoo.com.br\/wp-content\/plugins\/elementor\/assets\/css\/widget-icon-list.min.css\">\t\t<ul class=\"elementor-icon-list-items elementor-inline-items\">\n\t\t\t\t\t\t\t<li class=\"elementor-icon-list-item elementor-inline-item\">\n\t\t\t\t\t\t\t\t\t\t<span class=\"elementor-icon-list-text\">Home<\/span>\n\t\t\t\t\t\t\t\t\t<\/li>\n\t\t\t\t\t\t<\/ul>\n\t\t\t\t<\/div>\n\t\t\t\t<\/div>\n\t\t\t\t<div class=\"elementor-element elementor-element-35bead4a elementor-icon-list--layout-inline elementor-align-center elementor-widget__width-auto elementor-list-item-link-full_width elementor-invisible elementor-widget elementor-widget-icon-list\" data-id=\"35bead4a\" data-element_type=\"widget\" data-settings=\"{&quot;_animation&quot;:&quot;fadeIn&quot;,&quot;_animation_delay&quot;:&quot;200&quot;}\" data-widget_type=\"icon-list.default\">\n\t\t\t\t<div class=\"elementor-widget-container\">\n\t\t\t\t\t<ul class=\"elementor-icon-list-items elementor-inline-items\">\n\t\t\t\t\t\t\t<li class=\"elementor-icon-list-item elementor-inline-item\">\n\t\t\t\t\t\t\t\t\t\t\t<span class=\"elementor-icon-list-icon\">\n\t\t\t\t\t\t\t<i aria-hidden=\"true\" class=\"jki jki-slash-solid\"><\/i>\t\t\t\t\t\t<\/span>\n\t\t\t\t\t\t\t\t\t\t<span class=\"elementor-icon-list-text\">Procedimentos<\/span>\n\t\t\t\t\t\t\t\t\t<\/li>\n\t\t\t\t\t\t<\/ul>\n\t\t\t\t<\/div>\n\t\t\t\t<\/div>\n\t\t\t\t\t<\/div>\n\t\t<\/div>\n\t\t\t\t\t\t\t<\/div>\n\t\t<\/section>\n\t\t\t\t<section class=\"elementor-section elementor-top-section elementor-element elementor-element-4f1dcbb6 elementor-section-boxed elementor-section-height-default elementor-section-height-default\" data-id=\"4f1dcbb6\" data-element_type=\"section\" data-settings=\"{&quot;background_background&quot;:&quot;gradient&quot;}\">\n\t\t\t\t\t\t<div class=\"elementor-container elementor-column-gap-default\">\n\t\t\t\t\t<div class=\"elementor-column elementor-col-50 elementor-top-column elementor-element elementor-element-39df1bfb\" data-id=\"39df1bfb\" data-element_type=\"column\">\n\t\t\t<div class=\"elementor-widget-wrap elementor-element-populated\">\n\t\t\t\t\t\t\t\t<div class=\"elementor-element elementor-element-51608751 elementor-invisible elementor-widget elementor-widget-image\" data-id=\"51608751\" data-element_type=\"widget\" data-settings=\"{&quot;_animation&quot;:&quot;fadeInUp&quot;}\" data-widget_type=\"image.default\">\n\t\t\t\t<div class=\"elementor-widget-container\">\n\t\t\t<style>\/*! elementor - v3.18.0 - 20-12-2023 *\/\n.elementor-widget-image{text-align:center}.elementor-widget-image a{display:inline-block}.elementor-widget-image a img[src$=\".svg\"]{width:48px}.elementor-widget-image img{vertical-align:middle;display:inline-block}<\/style>\t\t\t\t\t\t\t\t\t\t\t\t<img fetchpriority=\"high\" decoding=\"async\" width=\"800\" height=\"924\" src=\"https:\/\/agringatattoo.com.br\/wp-content\/uploads\/2024\/01\/1-2-887x1024.png\" class=\"attachment-large size-large wp-image-291\" alt=\"\" srcset=\"https:\/\/agringatattoo.com.br\/wp-content\/uploads\/2024\/01\/1-2-887x1024.png 887w, https:\/\/agringatattoo.com.br\/wp-content\/uploads\/2024\/01\/1-2-260x300.png 260w, https:\/\/agringatattoo.com.br\/wp-content\/uploads\/2024\/01\/1-2-768x887.png 768w, https:\/\/agringatattoo.com.br\/wp-content\/uploads\/2024\/01\/1-2.png 935w\" sizes=\"(max-width: 800px) 100vw, 800px\" \/>\t\t\t\t\t\t\t\t\t\t\t\t\t\t\t<\/div>\n\t\t\t\t<\/div>\n\t\t\t\t\t<\/div>\n\t\t<\/div>\n\t\t\t\t<div class=\"elementor-column elementor-col-50 elementor-top-column elementor-element elementor-element-7d4b80e7\" data-id=\"7d4b80e7\" data-element_type=\"column\">\n\t\t\t<div class=\"elementor-widget-wrap elementor-element-populated\">\n\t\t\t\t\t\t\t\t<div class=\"elementor-element elementor-element-7c02aca2 elementor-widget__width-auto elementor-view-default elementor-invisible elementor-widget elementor-widget-icon\" data-id=\"7c02aca2\" data-element_type=\"widget\" data-settings=\"{&quot;_animation&quot;:&quot;fadeInDown&quot;}\" data-widget_type=\"icon.default\">\n\t\t\t\t<div class=\"elementor-widget-container\">\n\t\t\t\t\t<div class=\"elementor-icon-wrapper\">\n\t\t\t<div class=\"elementor-icon\">\n\t\t\t<i aria-hidden=\"true\" class=\"jki jki-star-solid\"><\/i>\t\t\t<\/div>\n\t\t<\/div>\n\t\t\t\t<\/div>\n\t\t\t\t<\/div>\n\t\t\t\t<div class=\"elementor-element elementor-element-43cc1829 elementor-widget__width-auto elementor-invisible elementor-widget elementor-widget-heading\" data-id=\"43cc1829\" data-element_type=\"widget\" data-settings=\"{&quot;_animation&quot;:&quot;fadeInUp&quot;}\" data-widget_type=\"heading.default\">\n\t\t\t\t<div class=\"elementor-widget-container\">\n\t\t\t<h4 class=\"elementor-heading-title elementor-size-default\">PROCEDIMENTOS<\/h4>\t\t<\/div>\n\t\t\t\t<\/div>\n\t\t\t\t<div class=\"elementor-element elementor-element-2949718 elementor-widget elementor-widget-jkit_heading\" data-id=\"2949718\" data-element_type=\"widget\" data-widget_type=\"jkit_heading.default\">\n\t\t\t\t<div class=\"elementor-widget-container\">\n\t\t\t<div  class=\"jeg-elementor-kit jkit-heading  align-left align-tablet- align-mobile- jeg_module___69ddcfd714968\" ><div class=\"heading-section-title  display-inline-block\"><h2 class=\"heading-title\"><\/h2><\/div><div class=\"heading-section-description\"><p class=\"zfr3Q CDt4Ke \" dir=\"ltr\"><span class=\"C9DxTc \">O procedimento para coloca\u00e7\u00e3o de piercings, s\u00e3o feitos com a m\u00e1xima seguran\u00e7a, as jo\u00edas destinadas para primeira perfura\u00e7\u00e3o, s\u00e3o j\u00f3ias b\u00e1sicas confeccionada em a\u00e7o grau cirurgico 316L ou tit\u00e2nio, n\u00e3o indicamos perfurar com banhados a ouro porque pode haver em muitos casos irrita\u00e7\u00e3o e demora na cicatriza\u00e7\u00e3o, o tit\u00e2nio \u00e9 mais indicado por ser 100% bio compat\u00edvel e de r\u00e1pida cicatriza\u00e7\u00e3o<\/span><\/p><p class=\"zfr3Q CDt4Ke \" dir=\"ltr\"><span class=\"C9DxTc \">As pin\u00e7as s\u00e3o esterelizadas em auto-clave com embalagem pr\u00f3pria seladas, assim como as pr\u00f3prias j\u00f3ias que ser\u00e3o usadas no procedimento.<\/span><\/p><\/div><\/div>\t\t<\/div>\n\t\t\t\t<\/div>\n\t\t\t\t\t<\/div>\n\t\t<\/div>\n\t\t\t\t\t\t\t<\/div>\n\t\t<\/section>\n\t\t<div class=\"elementor-element elementor-element-6b80eae e-flex e-con-boxed e-con e-parent\" data-id=\"6b80eae\" data-element_type=\"container\" data-settings=\"{&quot;background_background&quot;:&quot;classic&quot;,&quot;content_width&quot;:&quot;boxed&quot;}\" data-core-v316-plus=\"true\">\n\t\t\t\t\t<div class=\"e-con-inner\">\n\t\t<div class=\"elementor-element elementor-element-fa2af37 e-con-full e-flex e-con e-child\" data-id=\"fa2af37\" data-element_type=\"container\" data-settings=\"{&quot;content_width&quot;:&quot;full&quot;}\">\n\t\t\t\t<div class=\"elementor-element elementor-element-228f0e0 elementor-widget elementor-widget-image\" data-id=\"228f0e0\" data-element_type=\"widget\" data-widget_type=\"image.default\">\n\t\t\t\t<div class=\"elementor-widget-container\">\n\t\t\t\t\t\t\t\t\t\t\t\t\t\t\t<img decoding=\"async\" width=\"800\" height=\"449\" src=\"https:\/\/agringatattoo.com.br\/wp-content\/uploads\/2024\/01\/joias-esterelizadas-1024x575.jpeg\" class=\"attachment-large size-large wp-image-292\" alt=\"\" srcset=\"https:\/\/agringatattoo.com.br\/wp-content\/uploads\/2024\/01\/joias-esterelizadas-1024x575.jpeg 1024w, https:\/\/agringatattoo.com.br\/wp-content\/uploads\/2024\/01\/joias-esterelizadas-300x168.jpeg 300w, https:\/\/agringatattoo.com.br\/wp-content\/uploads\/2024\/01\/joias-esterelizadas-768x431.jpeg 768w, https:\/\/agringatattoo.com.br\/wp-content\/uploads\/2024\/01\/joias-esterelizadas.jpeg 1079w\" sizes=\"(max-width: 800px) 100vw, 800px\" \/>\t\t\t\t\t\t\t\t\t\t\t\t\t\t\t<\/div>\n\t\t\t\t<\/div>\n\t\t\t\t<div class=\"elementor-element elementor-element-14b8095 elementor-widget__width-auto elementor-invisible elementor-widget elementor-widget-heading\" data-id=\"14b8095\" data-element_type=\"widget\" data-settings=\"{&quot;_animation&quot;:&quot;fadeInUp&quot;}\" data-widget_type=\"heading.default\">\n\t\t\t\t<div class=\"elementor-widget-container\">\n\t\t\t<h6 class=\"elementor-heading-title elementor-size-default\">Piercings para 1\u00b0 perfura\u00e7\u00e3o esterelizadas <\/h6>\t\t<\/div>\n\t\t\t\t<\/div>\n\t\t\t\t<\/div>\n\t\t<div class=\"elementor-element elementor-element-f54d50c e-con-full e-flex e-con e-child\" data-id=\"f54d50c\" data-element_type=\"container\" data-settings=\"{&quot;content_width&quot;:&quot;full&quot;}\">\n\t\t\t\t<div class=\"elementor-element elementor-element-a481bbe elementor-widget elementor-widget-image\" data-id=\"a481bbe\" data-element_type=\"widget\" data-widget_type=\"image.default\">\n\t\t\t\t<div class=\"elementor-widget-container\">\n\t\t\t\t\t\t\t\t\t\t\t\t\t\t\t<img decoding=\"async\" width=\"720\" height=\"404\" src=\"https:\/\/agringatattoo.com.br\/wp-content\/uploads\/2024\/01\/pincas-esterelizadas.jpeg\" class=\"attachment-large size-large wp-image-293\" alt=\"\" srcset=\"https:\/\/agringatattoo.com.br\/wp-content\/uploads\/2024\/01\/pincas-esterelizadas.jpeg 720w, https:\/\/agringatattoo.com.br\/wp-content\/uploads\/2024\/01\/pincas-esterelizadas-300x168.jpeg 300w\" sizes=\"(max-width: 720px) 100vw, 720px\" \/>\t\t\t\t\t\t\t\t\t\t\t\t\t\t\t<\/div>\n\t\t\t\t<\/div>\n\t\t\t\t<div class=\"elementor-element elementor-element-f6ce411 elementor-widget__width-auto elementor-invisible elementor-widget elementor-widget-heading\" data-id=\"f6ce411\" data-element_type=\"widget\" data-settings=\"{&quot;_animation&quot;:&quot;fadeInUp&quot;}\" data-widget_type=\"heading.default\">\n\t\t\t\t<div class=\"elementor-widget-container\">\n\t\t\t<h4 class=\"elementor-heading-title elementor-size-default\">Pin\u00e7as usadas para perfura\u00e7\u00e3o esterelizadas<\/h4>\t\t<\/div>\n\t\t\t\t<\/div>\n\t\t\t\t<\/div>\n\t\t\t\t\t<\/div>\n\t\t\t\t<\/div>\n\t\t\t\t<section class=\"elementor-section elementor-top-section elementor-element elementor-element-67fce82 elementor-section-boxed elementor-section-height-default elementor-section-height-default\" data-id=\"67fce82\" data-element_type=\"section\" data-settings=\"{&quot;background_background&quot;:&quot;gradient&quot;}\">\n\t\t\t\t\t\t<div class=\"elementor-container elementor-column-gap-default\">\n\t\t\t\t\t<div class=\"elementor-column elementor-col-50 elementor-top-column elementor-element elementor-element-b105715\" data-id=\"b105715\" data-element_type=\"column\">\n\t\t\t<div class=\"elementor-widget-wrap elementor-element-populated\">\n\t\t\t\t\t\t\t\t<div class=\"elementor-element elementor-element-8c4690b elementor-invisible elementor-widget elementor-widget-image\" data-id=\"8c4690b\" data-element_type=\"widget\" data-settings=\"{&quot;_animation&quot;:&quot;fadeInUp&quot;}\" data-widget_type=\"image.default\">\n\t\t\t\t<div class=\"elementor-widget-container\">\n\t\t\t\t\t\t\t\t\t\t\t\t\t\t\t<img loading=\"lazy\" decoding=\"async\" width=\"768\" height=\"1024\" src=\"https:\/\/agringatattoo.com.br\/wp-content\/uploads\/2024\/01\/WhatsApp-Image-2024-01-09-at-17.28.06-1-768x1024.jpeg\" class=\"attachment-large size-large wp-image-122\" alt=\"\" srcset=\"https:\/\/agringatattoo.com.br\/wp-content\/uploads\/2024\/01\/WhatsApp-Image-2024-01-09-at-17.28.06-1-768x1024.jpeg 768w, https:\/\/agringatattoo.com.br\/wp-content\/uploads\/2024\/01\/WhatsApp-Image-2024-01-09-at-17.28.06-1-225x300.jpeg 225w, https:\/\/agringatattoo.com.br\/wp-content\/uploads\/2024\/01\/WhatsApp-Image-2024-01-09-at-17.28.06-1-1152x1536.jpeg 1152w, https:\/\/agringatattoo.com.br\/wp-content\/uploads\/2024\/01\/WhatsApp-Image-2024-01-09-at-17.28.06-1.jpeg 1200w\" sizes=\"(max-width: 768px) 100vw, 768px\" \/>\t\t\t\t\t\t\t\t\t\t\t\t\t\t\t<\/div>\n\t\t\t\t<\/div>\n\t\t\t\t\t<\/div>\n\t\t<\/div>\n\t\t\t\t<div class=\"elementor-column elementor-col-50 elementor-top-column elementor-element elementor-element-7fc5e68\" data-id=\"7fc5e68\" data-element_type=\"column\">\n\t\t\t<div class=\"elementor-widget-wrap elementor-element-populated\">\n\t\t\t\t\t\t\t\t<div class=\"elementor-element elementor-element-d3d5ab7 elementor-widget__width-initial elementor-invisible elementor-widget elementor-widget-heading\" data-id=\"d3d5ab7\" data-element_type=\"widget\" data-settings=\"{&quot;_animation&quot;:&quot;fadeInUp&quot;}\" data-widget_type=\"heading.default\">\n\t\t\t\t<div class=\"elementor-widget-container\">\n\t\t\t<h4 class=\"elementor-heading-title elementor-size-default\">Ap\u00f3s colocar um piercing, voc\u00ea deve seguir algumas orienta\u00e7\u00f5es para garantir uma boa cicatriza\u00e7\u00e3o e evitar complica\u00e7\u00f5es no processo. Aqui est\u00e3o algumas recomenda\u00e7\u00f5es b\u00e1sicas:<\/h4>\t\t<\/div>\n\t\t\t\t<\/div>\n\t\t\t\t<div class=\"elementor-element elementor-element-b7cc7ae elementor-widget elementor-widget-jkit_heading\" data-id=\"b7cc7ae\" data-element_type=\"widget\" data-widget_type=\"jkit_heading.default\">\n\t\t\t\t<div class=\"elementor-widget-container\">\n\t\t\t<div  class=\"jeg-elementor-kit jkit-heading  align-left align-tablet- align-mobile- jeg_module__1_69ddcfd718122\" ><div class=\"heading-section-title  display-inline-block\"><h2 class=\"heading-title\"><\/h2><\/div><div class=\"heading-section-description\"><p>1. Lavar as m\u00e3os antes de tocar o piercing.<\/p><p>2. Limpar o piercing diariamente com soro fisiol\u00f3gico para evitar a forma\u00e7\u00e3o de crostas.<\/p><p>3. N\u00e3o girar ou mexer no piercing, pois isso pode danificar o tecido da perfura\u00e7\u00e3o.<\/p><p>4. Evitar piscinas, banheiras de hidromassagem e mergulhos em rios ou lagos at\u00e9 o piercing estar completamente.<br \/>Cicatrizado.<\/p><p>5. Evitar a exposi\u00e7\u00e3o do piercing a produtos qu\u00edmicos, como spray de cabelo ou perfumes.<\/p><p>6. N\u00e3o trocar a joia at\u00e9 que a cicatriza\u00e7\u00e3o esteja completa.<\/p><p>7. Tocar no piercing apenas com as m\u00e3os limpas e evite usar maquiagem ou cremes na \u00e1rea da perfura\u00e7\u00e3o.<\/p><p>8. Manter uma alimenta\u00e7\u00e3o saud\u00e1vel e beber bastante \u00e1gua durante o processo de cicatriza\u00e7\u00e3o.<\/p><p>9. O tempo de cicatriza\u00e7\u00e3o vai depender de cada local a ser perfurado, por\u00e9m, \u00e1reas com cartilagem levam um pouco mais de tempo. A cicatriza\u00e7\u00e3o inicial leva de 2 a 3 meses, mas a total pode levar at\u00e9 1 ano, depende muito da imunidade da pessoa.<\/p><p>Lembre-se de que essas s\u00e3o recomenda\u00e7\u00f5es b\u00e1sicas e a orienta\u00e7\u00e3o pode variar conforme o local da perfura\u00e7\u00e3o e o tipo de piercing. Caso tenha alguma d\u00favida ou sinta qualquer desconforto durante a cicatriza\u00e7\u00e3o, entre em contato com a gente.<\/p><\/div><\/div>\t\t<\/div>\n\t\t\t\t<\/div>\n\t\t\t\t\t<\/div>\n\t\t<\/div>\n\t\t\t\t\t\t\t<\/div>\n\t\t<\/section>\n\t\t\t\t\t\t\t<\/div>\n\t\t","protected":false},"excerpt":{"rendered":"<p>Procedimentos Home Procedimentos PROCEDIMENTOS O procedimento para coloca\u00e7\u00e3o de piercings, s\u00e3o feitos com a m\u00e1xima seguran\u00e7a, as jo\u00edas destinadas para primeira perfura\u00e7\u00e3o, s\u00e3o j\u00f3ias b\u00e1sicas confeccionada em a\u00e7o grau cirurgico 316L ou tit\u00e2nio, n\u00e3o indicamos perfurar com banhados a ouro porque pode haver em muitos casos irrita\u00e7\u00e3o e demora na cicatriza\u00e7\u00e3o, o tit\u00e2nio \u00e9 mais [&hellip;]<\/p>\n","protected":false},"author":1,"featured_media":0,"parent":0,"menu_order":0,"comment_status":"closed","ping_status":"closed","template":"elementor_header_footer","meta":{"footnotes":""},"class_list":["post-284","page","type-page","status-publish","hentry"],"yoast_head":"<!-- This site is optimized with the Yoast SEO plugin v21.8 - https:\/\/yoast.com\/wordpress\/plugins\/seo\/ -->\n<title>Procedimentos - A Gringa Tatoo &amp; Piercing<\/title>\n<meta name=\"robots\" content=\"index, follow, max-snippet:-1, max-image-preview:large, max-video-preview:-1\" \/>\n<link rel=\"canonical\" href=\"https:\/\/agringatattoo.com.br\/index.php\/procedimentos\/\" \/>\n<meta property=\"og:locale\" content=\"pt_BR\" \/>\n<meta property=\"og:type\" content=\"article\" \/>\n<meta property=\"og:title\" content=\"Procedimentos - A Gringa Tatoo &amp; Piercing\" \/>\n<meta property=\"og:description\" content=\"Procedimentos Home Procedimentos PROCEDIMENTOS O procedimento para coloca\u00e7\u00e3o de piercings, s\u00e3o feitos com a m\u00e1xima seguran\u00e7a, as jo\u00edas destinadas para primeira perfura\u00e7\u00e3o, s\u00e3o j\u00f3ias b\u00e1sicas confeccionada em a\u00e7o grau cirurgico 316L ou tit\u00e2nio, n\u00e3o indicamos perfurar com banhados a ouro porque pode haver em muitos casos irrita\u00e7\u00e3o e demora na cicatriza\u00e7\u00e3o, o tit\u00e2nio \u00e9 mais [&hellip;]\" \/>\n<meta property=\"og:url\" content=\"https:\/\/agringatattoo.com.br\/index.php\/procedimentos\/\" \/>\n<meta property=\"og:site_name\" content=\"A Gringa Tatoo &amp; Piercing\" \/>\n<meta property=\"article:modified_time\" content=\"2024-01-24T23:55:18+00:00\" \/>\n<meta property=\"og:image\" content=\"https:\/\/agringatattoo.com.br\/wp-content\/uploads\/2024\/01\/1-2-887x1024.png\" \/>\n<meta name=\"twitter:card\" content=\"summary_large_image\" \/>\n<meta name=\"twitter:label1\" content=\"Est. tempo de leitura\" \/>\n\t<meta name=\"twitter:data1\" content=\"3 minutos\" \/>\n<script type=\"application\/ld+json\" class=\"yoast-schema-graph\">{\"@context\":\"https:\/\/schema.org\",\"@graph\":[{\"@type\":\"WebPage\",\"@id\":\"https:\/\/agringatattoo.com.br\/index.php\/procedimentos\/\",\"url\":\"https:\/\/agringatattoo.com.br\/index.php\/procedimentos\/\",\"name\":\"Procedimentos - A Gringa Tatoo &amp; Piercing\",\"isPartOf\":{\"@id\":\"https:\/\/agringatattoo.com.br\/#website\"},\"datePublished\":\"2024-01-15T16:28:35+00:00\",\"dateModified\":\"2024-01-24T23:55:18+00:00\",\"breadcrumb\":{\"@id\":\"https:\/\/agringatattoo.com.br\/index.php\/procedimentos\/#breadcrumb\"},\"inLanguage\":\"pt-BR\",\"potentialAction\":[{\"@type\":\"ReadAction\",\"target\":[\"https:\/\/agringatattoo.com.br\/index.php\/procedimentos\/\"]}]},{\"@type\":\"BreadcrumbList\",\"@id\":\"https:\/\/agringatattoo.com.br\/index.php\/procedimentos\/#breadcrumb\",\"itemListElement\":[{\"@type\":\"ListItem\",\"position\":1,\"name\":\"In\u00edcio\",\"item\":\"https:\/\/agringatattoo.com.br\/\"},{\"@type\":\"ListItem\",\"position\":2,\"name\":\"Procedimentos\"}]},{\"@type\":\"WebSite\",\"@id\":\"https:\/\/agringatattoo.com.br\/#website\",\"url\":\"https:\/\/agringatattoo.com.br\/\",\"name\":\"A Gringa Tatoo &amp; Piercing\",\"description\":\"Tradi\u00e7\u00e3o em Piercings e Tatuagens de Qualidade e Seguran\u00e7a\",\"potentialAction\":[{\"@type\":\"SearchAction\",\"target\":{\"@type\":\"EntryPoint\",\"urlTemplate\":\"https:\/\/agringatattoo.com.br\/?s={search_term_string}\"},\"query-input\":\"required name=search_term_string\"}],\"inLanguage\":\"pt-BR\"}]}<\/script>\n<!-- \/ Yoast SEO plugin. -->","yoast_head_json":{"title":"Procedimentos - A Gringa Tatoo &amp; Piercing","robots":{"index":"index","follow":"follow","max-snippet":"max-snippet:-1","max-image-preview":"max-image-preview:large","max-video-preview":"max-video-preview:-1"},"canonical":"https:\/\/agringatattoo.com.br\/index.php\/procedimentos\/","og_locale":"pt_BR","og_type":"article","og_title":"Procedimentos - A Gringa Tatoo &amp; Piercing","og_description":"Procedimentos Home Procedimentos PROCEDIMENTOS O procedimento para coloca\u00e7\u00e3o de piercings, s\u00e3o feitos com a m\u00e1xima seguran\u00e7a, as jo\u00edas destinadas para primeira perfura\u00e7\u00e3o, s\u00e3o j\u00f3ias b\u00e1sicas confeccionada em a\u00e7o grau cirurgico 316L ou tit\u00e2nio, n\u00e3o indicamos perfurar com banhados a ouro porque pode haver em muitos casos irrita\u00e7\u00e3o e demora na cicatriza\u00e7\u00e3o, o tit\u00e2nio \u00e9 mais [&hellip;]","og_url":"https:\/\/agringatattoo.com.br\/index.php\/procedimentos\/","og_site_name":"A Gringa Tatoo &amp; Piercing","article_modified_time":"2024-01-24T23:55:18+00:00","og_image":[{"url":"https:\/\/agringatattoo.com.br\/wp-content\/uploads\/2024\/01\/1-2-887x1024.png"}],"twitter_card":"summary_large_image","twitter_misc":{"Est. tempo de leitura":"3 minutos"},"schema":{"@context":"https:\/\/schema.org","@graph":[{"@type":"WebPage","@id":"https:\/\/agringatattoo.com.br\/index.php\/procedimentos\/","url":"https:\/\/agringatattoo.com.br\/index.php\/procedimentos\/","name":"Procedimentos - A Gringa Tatoo &amp; Piercing","isPartOf":{"@id":"https:\/\/agringatattoo.com.br\/#website"},"datePublished":"2024-01-15T16:28:35+00:00","dateModified":"2024-01-24T23:55:18+00:00","breadcrumb":{"@id":"https:\/\/agringatattoo.com.br\/index.php\/procedimentos\/#breadcrumb"},"inLanguage":"pt-BR","potentialAction":[{"@type":"ReadAction","target":["https:\/\/agringatattoo.com.br\/index.php\/procedimentos\/"]}]},{"@type":"BreadcrumbList","@id":"https:\/\/agringatattoo.com.br\/index.php\/procedimentos\/#breadcrumb","itemListElement":[{"@type":"ListItem","position":1,"name":"In\u00edcio","item":"https:\/\/agringatattoo.com.br\/"},{"@type":"ListItem","position":2,"name":"Procedimentos"}]},{"@type":"WebSite","@id":"https:\/\/agringatattoo.com.br\/#website","url":"https:\/\/agringatattoo.com.br\/","name":"A Gringa Tatoo &amp; Piercing","description":"Tradi\u00e7\u00e3o em Piercings e Tatuagens de Qualidade e Seguran\u00e7a","potentialAction":[{"@type":"SearchAction","target":{"@type":"EntryPoint","urlTemplate":"https:\/\/agringatattoo.com.br\/?s={search_term_string}"},"query-input":"required name=search_term_string"}],"inLanguage":"pt-BR"}]}},"_links":{"self":[{"href":"https:\/\/agringatattoo.com.br\/index.php\/wp-json\/wp\/v2\/pages\/284"}],"collection":[{"href":"https:\/\/agringatattoo.com.br\/index.php\/wp-json\/wp\/v2\/pages"}],"about":[{"href":"https:\/\/agringatattoo.com.br\/index.php\/wp-json\/wp\/v2\/types\/page"}],"author":[{"embeddable":true,"href":"https:\/\/agringatattoo.com.br\/index.php\/wp-json\/wp\/v2\/users\/1"}],"replies":[{"embeddable":true,"href":"https:\/\/agringatattoo.com.br\/index.php\/wp-json\/wp\/v2\/comments?post=284"}],"version-history":[{"count":13,"href":"https:\/\/agringatattoo.com.br\/index.php\/wp-json\/wp\/v2\/pages\/284\/revisions"}],"predecessor-version":[{"id":426,"href":"https:\/\/agringatattoo.com.br\/index.php\/wp-json\/wp\/v2\/pages\/284\/revisions\/426"}],"wp:attachment":[{"href":"https:\/\/agringatattoo.com.br\/index.php\/wp-json\/wp\/v2\/media?parent=284"}],"curies":[{"name":"wp","href":"https:\/\/api.w.org\/{rel}","templated":true}]}}